{"id":18,"date":"2013-03-03T19:59:04","date_gmt":"2013-03-03T17:59:04","guid":{"rendered":"http:\/\/blog.sqlora.com\/en\/?page_id=18"},"modified":"2020-03-14T13:57:46","modified_gmt":"2020-03-14T11:57:46","slug":"disclaimer","status":"publish","type":"page","link":"https:\/\/blog.sqlora.com\/en\/disclaimer\/","title":{"rendered":"Disclaimer"},"content":{"rendered":"<p>This blog is a personal website of<\/p>\n<p>Andrej Pashchenko, blog@sqlora.com<\/p>\n<p>The views expressed here do not reflect the views of the company(ies) I work for (or have worked with) neither Oracle Corporation&#8217;s. The opinions expressed by visitors on this blog are theirs.<\/p>\n<p>The content of this blog is created with utmost care. No responsibility for the accuracy, completeness and timeliness of the content assumed. The use of online content is at your own risk. You are free to use this information but I am not responsible if you ever happen to suffer a loss\/inconvenience\/damage using it.<\/p>\n<p><strong>Links<\/strong><\/p>\n<p>Links to the blog are always welcome and need no permission from the owner of the website. The presentation of this website in external frames is only allowed with permission.<\/p>\n<p><strong>Datenschutzerkl\u00e4rung f\u00fcr die Nutzung von Google Analytics<\/strong><\/p>\n<p>Diese Website benutzt Google Analytics, einen Webanalysedienst der Google Inc. (&#8220;Google&#8221;). Google Analytics verwendet sog. &#8220;Cookies&#8221;, Textdateien, die auf Ihrem Computer gespeichert werden und die eine Analyse der Benutzung der Website durch Sie erm\u00f6glichen. Die durch den Cookie erzeugten Informationen \u00fcber Ihre Benutzung dieser Website werden in der Regel an einen Server von Google in den USA \u00fcbertragen und dort gespeichert. Im Falle der Aktivierung der IP-Anonymisierung auf dieser Webseite wird Ihre IP-Adresse von Google jedoch innerhalb von Mitgliedstaaten der Europ\u00e4ischen Union oder in anderen Vertragsstaaten des Abkommens \u00fcber den Europ\u00e4ischen Wirtschaftsraum zuvor gek\u00fcrzt.<\/p>\n<p>Nur in Ausnahmef\u00e4llen wird die volle IP-Adresse an einen Server von Google in den USA \u00fcbertragen und dort gek\u00fcrzt. Im Auftrag des Betreibers dieser Website wird Google diese Informationen benutzen, um Ihre Nutzung der Website auszuwerten, um Reports \u00fcber die Websiteaktivit\u00e4ten zusammenzustellen und um weitere mit der Websitenutzung und der Internetnutzung verbundene Dienstleistungen gegen\u00fcber dem Websitebetreiber zu erbringen. Die im Rahmen von Google Analytics von Ihrem Browser \u00fcbermittelte IP-Adresse wird nicht mit anderen Daten von Google zusammengef\u00fchrt.<\/p>\n<p>Sie k\u00f6nnen die Speicherung der Cookies durch eine entsprechende Einstellung Ihrer Browser-Software verhindern; wir weisen Sie jedoch darauf hin, dass Sie in diesem Fall gegebenenfalls nicht s\u00e4mtliche Funktionen dieser Website vollumf\u00e4nglich werden nutzen k\u00f6nnen. Sie k\u00f6nnen dar\u00fcber hinaus die Erfassung der durch das Cookie erzeugten und auf Ihre Nutzung der Website bezogenen Daten (inkl. Ihrer IP-Adresse) an Google sowie die Verarbeitung dieser Daten durch Google verhindern, indem sie das unter dem folgenden Link verf\u00fcgbare Browser-Plugin herunterladen und installieren: <a href=\"https:\/\/tools.google.com\/dlpage\/gaoptout?hl=de\">https:\/\/tools.google.com\/dlpage\/gaoptout?hl=de<\/a>.<\/p>\n<p><strong>Datenschutzerkl\u00e4rung f\u00fcr die Nutzung von Google Adsense<\/strong><\/p>\n<p>Diese Website benutzt Google AdSense, einen Dienst zum Einbinden<br \/>\nvon Werbeanzeigen der Google Inc. (&#8220;Google&#8221;). Google AdSense<br \/>\nverwendet sog. &#8220;Cookies&#8221;, Textdateien, die auf Ihrem Computer<br \/>\ngespeichert werden und die eine Analyse der Benutzung der Website<br \/>\nerm\u00f6glicht. Google AdSense verwendet auch so genannte Web Beacons<br \/>\n(unsichtbare Grafiken). Durch diese Web Beacons k\u00f6nnen Informationen<br \/>\nwie der Besucherverkehr auf diesen Seiten ausgewertet werden.<\/p>\n<p>Die durch Cookies und Web Beacons erzeugten Informationen \u00fcber<br \/>\ndie Benutzung dieser Website (einschlie\u00dflich Ihrer IP-Adresse) und<br \/>\nAuslieferung von Werbeformaten werden an einen Server von Google<br \/>\nin den USA \u00fcbertragen und dort gespeichert. Diese Informationen k\u00f6nnen<br \/>\nvon Google an Vertragspartner von Google weiter gegeben werden.<br \/>\nGoogle wird Ihre IP-Adresse jedoch nicht mit anderen von Ihnen<br \/>\ngespeicherten Daten zusammenf\u00fchren.<\/p>\n<p>Sie k\u00f6nnen die Installation der Cookies durch eine entsprechende<br \/>\nEinstellung Ihrer Browser Software verhindern; wir weisen Sie jedoch<br \/>\ndarauf hin, dass Sie in diesem Fall gegebenenfalls nicht s\u00e4mtliche<br \/>\nFunktionen dieser Website voll umf\u00e4nglich nutzen k\u00f6nnen. Durch die<br \/>\nNutzung dieser Website erkl\u00e4ren Sie sich mit der Bearbeitung der<br \/>\n\u00fcber Sie erhobenen Daten durch Google in der zuvor beschriebenen<br \/>\nArt und Weise und zu dem zuvor benannten Zweck einverstanden.<\/p>\n<p><i>Quelle: <a href=\"https:\/\/www.google.com\/intl\/de\/analytics\/learn\/privacy.html\" target=\"_blank\" rel=\"nofollow noopener noreferrer\">Google Analytics Bedingungen<\/a><\/i><\/p>\n<p><strong>Photo Credits<\/strong><\/p>\n<p>Photo of Oracle&#8217;s headquarters in the header: Photo by <a href=\"https:\/\/flickr.com\/photos\/45581782@N00\" target=\"_blank\" rel=\"nofollow noopener noreferrer\">Paul Downey<\/a> originally posted to <a title=\"Flickr\" href=\"https:\/\/commons.wikimedia.org\/wiki\/Flickr\" target=\"_blank\" rel=\"noopener noreferrer\">Flickr<\/a> as\u00a0<a style=\"line-height: 1.714285714; font-size: 1rem;\" href=\"https:\/\/flickr.com\/photos\/45581782@N00\/21442604\" target=\"_blank\" rel=\"nofollow noopener noreferrer\">Oracle Towers<\/a>, Source: <a title=\"Wikimedia Commons\" href=\"https:\/\/commons.wikimedia.org\/wiki\/File:Oracle_Towers.jpg\" target=\"_blank\" rel=\"noopener noreferrer\">Wikimedia Commons<\/a><\/p>\n<p><img loading=\"lazy\" decoding=\"async\" class=\"alignnone size-full wp-image-21\" src=\"https:\/\/blog.sqlora.com\/de\/wp-content\/uploads\/sites\/3\/2013\/02\/90px-CC_some_rights_reserved.svg_.png\" alt=\"90px-CC_some_rights_reserved.svg\" width=\"90\" height=\"36\" \/><img loading=\"lazy\" decoding=\"async\" class=\"alignnone size-full wp-image-22\" style=\"font-size: 1rem; line-height: 1;\" src=\"https:\/\/blog.sqlora.com\/de\/wp-content\/uploads\/sites\/3\/2013\/02\/Cc-by_new_white.svg_.png\" alt=\"Cc-by_new_white.svg\" width=\"24\" height=\"24\" \/>\u00a0 \u00a0<a href=\"https:\/\/creativecommons.org\/licenses\/by\/2.0\/deed.en\" target=\"_blank\" rel=\"noopener noreferrer\">Some rights reserved<\/a><\/p>\n<p>Other photos and pictures by <a href=\"https:\/\/pixabay.com\" target=\"_blank\" rel=\"noopener noreferrer\">pixabay.com<\/a><\/p>\n","protected":false},"excerpt":{"rendered":"<p>This blog is a personal website of Andrej Pashchenko, blog@sqlora.com The views expressed here do not reflect the views of the company(ies) I work for (or have worked with) neither Oracle Corporation&#8217;s. The opinions expressed by visitors on this blog are theirs. The content of this blog is created with utmost care. No responsibility for [&hellip;]<\/p>\n","protected":false},"author":1,"featured_media":0,"parent":0,"menu_order":0,"comment_status":"open","ping_status":"open","template":"","meta":{"footnotes":""},"class_list":["post-18","page","type-page","status-publish","hentry"],"_links":{"self":[{"href":"https:\/\/blog.sqlora.com\/en\/wp-json\/wp\/v2\/pages\/18","targetHints":{"allow":["GET"]}}],"collection":[{"href":"https:\/\/blog.sqlora.com\/en\/wp-json\/wp\/v2\/pages"}],"about":[{"href":"https:\/\/blog.sqlora.com\/en\/wp-json\/wp\/v2\/types\/page"}],"author":[{"embeddable":true,"href":"https:\/\/blog.sqlora.com\/en\/wp-json\/wp\/v2\/users\/1"}],"replies":[{"embeddable":true,"href":"https:\/\/blog.sqlora.com\/en\/wp-json\/wp\/v2\/comments?post=18"}],"version-history":[{"count":12,"href":"https:\/\/blog.sqlora.com\/en\/wp-json\/wp\/v2\/pages\/18\/revisions"}],"predecessor-version":[{"id":1310,"href":"https:\/\/blog.sqlora.com\/en\/wp-json\/wp\/v2\/pages\/18\/revisions\/1310"}],"wp:attachment":[{"href":"https:\/\/blog.sqlora.com\/en\/wp-json\/wp\/v2\/media?parent=18"}],"curies":[{"name":"wp","href":"https:\/\/api.w.org\/{rel}","templated":true}]}}