{"id":6,"date":"2013-02-10T13:19:30","date_gmt":"2013-02-10T11:19:30","guid":{"rendered":"http:\/\/blog.sqlora.com\/de\/?page_id=6"},"modified":"2020-03-14T13:59:27","modified_gmt":"2020-03-14T11:59:27","slug":"impressum","status":"publish","type":"page","link":"https:\/\/blog.sqlora.com\/de\/impressum\/","title":{"rendered":"Impressum"},"content":{"rendered":"<p>Dieser Blog ist eine pers\u00f6nliche Webseite von<\/p>\n<p>Andrej Pashchenko<br \/>\nTrimpelsh\u00fctter Str. 48d<br \/>\n41238 M\u00f6cnhengladbach<br \/>\nblog@sqlora.com<\/p>\n<p><strong>Inhalte\u00a0<\/strong><br \/>\nDie Inhalte dieses Blogs werden mit gr\u00f6sstm\u00f6glicher Sorgfalt erstellt. Der Betreiber \u00fcbernimmt jedoch keine Gew\u00e4hr f\u00fcr die Richtigkeit, die Vollst\u00e4ndigkeit und Aktualit\u00e4t der bereitgestellten Inhalte. Die Nutzung der abrufbaren Inhalte erfolgt auf eigene Gefahr des Nutzers. Namentlich gekennzeichnete Beitr\u00e4ge geben die Meinung des jeweiligen Autors und nicht die Meinung des Herausgebers wieder.<\/p>\n<p><strong style=\"line-height: 1.714285714; font-size: 1rem;\">Externe Links\u00a0<\/strong><span style=\"line-height: 1.714285714; font-size: 1rem;\"><br \/>\n<\/span><\/p>\n<p>Diese Website enth\u00e4lt Verkn\u00fcpfungen zu Websites Dritter (&#8222;externe Links&#8220;). Diese Websites unterliegen der Haftung der jeweiligen Betreiber. Der Anbieter hat bei der erstmaligen Verkn\u00fcpfung der externen Links die fremden Inhalte daraufhin \u00fcberpr\u00fcft, ob etwaige Rechtsverst\u00f6sse bestehen. Zu dem Zeitpunkt waren keine Rechtsverst\u00f6sse ersichtlich. Der Betreiber hat keinerlei Einfluss auf die aktuelle und zuk\u00fcnftige Gestaltung und auf die Inhalte der verkn\u00fcpften Seiten. Das Setzen von externen Links bedeutet nicht, dass sich der Betreiber die hinter dem Verweis oder Link liegenden Inhalte zu Eigen macht. Eine st\u00e4ndige Kontrolle dieser externen Links ist f\u00fcr den Betreiber ohne konkrete Hinweise auf Rechtsverst\u00f6sse nicht zumutbar. Bei Kenntnis von Rechtsverst\u00f6ssen werden jedoch derartige externe Links unverz\u00fcglich gel\u00f6scht.<\/p>\n<p><strong>Kein Vertragsverh\u00e4ltnis\u00a0<\/strong><\/p>\n<p>Mit der Nutzung der Datenbanken, Inhalte und der Suchfunktionen des Blogs kommt keinerlei Vertragsverh\u00e4ltnis zwischen dem Nutzer und dem Anbieter zustande. Insofern ergeben sich auch keinerlei vertragliche oder quasivertragliche Anspr\u00fcche gegen den Betreiber.<\/p>\n<p><strong style=\"line-height: 1.714285714; font-size: 1rem;\">Urheberrecht\u00a0<\/strong><span style=\"line-height: 1.714285714; font-size: 1rem;\"><br \/>\n<\/span><\/p>\n<p>Die auf dieser Website ver\u00f6ffentlichten Inhalte und Werke sind urheberrechtlich gesch\u00fctzt. Jede vom Urheberrecht nicht zugelassene Verwertung bedarf der vorherigen schriftlichen Zustimmung des jeweiligen Autors oder Urhebers. Dies gilt insbesondere f\u00fcr Vervielf\u00e4ltigung, Bearbeitung, \u00dcbersetzung, Einspeicherung, Verarbeitung bzw. Wiedergabe von Inhalten in Datenbanken oder anderen elektronischen Medien und Systemen. Inhalte und Beitr\u00e4ge Dritter sind dabei als solche gekennzeichnet. Die unerlaubte Vervielf\u00e4ltigung oder Weitergabe einzelner Inhalte oder kompleter Seiten ist nicht gestattet und strafbar. Lediglich die Herstellung von Kopien und Downloads f\u00fcr den pers\u00f6nlichen, privaten und nicht kommerziellen Gebrauch ist erlaubt.<\/p>\n<p><strong>Links\u00a0<\/strong><\/p>\n<p>Links zum Blog des Anbieters sind jederzeit willkommen und bed\u00fcrfen keiner Zustimmung durch den Anbieter der Website. Die Darstellung dieser Website in fremden Frames ist nur mit Erlaubnis zul\u00e4ssig.<\/p>\n<p><strong style=\"line-height: 1.714285714; font-size: 1rem;\">Datenschutz\u00a0<\/strong><\/p>\n<p>Durch den Besuch der Website des Anbieters k\u00f6nnen Informationen \u00fcber den Zugriff (Datum, Uhrzeit, betrachtete Seite) auf dem Server gespeichert werden. Diese Daten geh\u00f6ren nicht zu den personenbezogenen Daten, sondern sind anonymisiert. Sie werden ausschliesslich zu statistischen Zwecken ausgewertet. Eine Weitergabe an Dritte, zu kommerziellen oder nicht kommerziellen Zwecken findet nicht statt.<\/p>\n<p><span style=\"line-height: 1.714285714; font-size: 1rem;\">Der Anbieter weist ausdr\u00fccklich darauf hin, dass die Daten\u00fcbertragung im Internet (z. Bsp. bei der Kommunikation per E-Mail) Sicherheitsl\u00fccken aufweisen und nicht l\u00fcckenlos vor dem Zugriff durch Dritte gesch\u00fctzt werden kann.\u00a0<\/span><\/p>\n<p><span style=\"line-height: 1.714285714; font-size: 1rem;\">Die Verwendung der Kontaktdaten der Anbieterkennzeichnung &#8211; insbesondere der Telefon-\/Faxnummern und E-Mailadresse &#8211; zur gewerblichen Werbung ist ausdr\u00fccklich nicht erw\u00fcnscht, es sei denn, der Anbieter hatte zuvor seine schriftliche Einwilligung erteilt oder es besteht bereits ein gesch\u00e4ftlicher Kontakt. Der Anbieter und alle auf dieser Website genannten Personen widersprechen hiermit jeder kommerziellen Verwendung und Weitergabe ihrer Daten.\u00a0<\/span><\/p>\n<p><strong>Datenschutzerkl\u00e4rung f\u00fcr die Nutzung von Google Analytics<\/strong><\/p>\n<p>Diese Website benutzt Google Analytics, einen Webanalysedienst der Google Inc. (&#8222;Google&#8220;). Google Analytics verwendet sog. &#8222;Cookies&#8220;, Textdateien, die auf Ihrem Computer gespeichert werden und die eine Analyse der Benutzung der Website durch Sie erm\u00f6glichen. Die durch den Cookie erzeugten Informationen \u00fcber Ihre Benutzung dieser Website werden in der Regel an einen Server von Google in den USA \u00fcbertragen und dort gespeichert. Im Falle der Aktivierung der IP-Anonymisierung auf dieser Webseite wird Ihre IP-Adresse von Google jedoch innerhalb von Mitgliedstaaten der Europ\u00e4ischen Union oder in anderen Vertragsstaaten des Abkommens \u00fcber den Europ\u00e4ischen Wirtschaftsraum zuvor gek\u00fcrzt.<\/p>\n<p>Nur in Ausnahmef\u00e4llen wird die volle IP-Adresse an einen Server von Google in den USA \u00fcbertragen und dort gek\u00fcrzt. Im Auftrag des Betreibers dieser Website wird Google diese Informationen benutzen, um Ihre Nutzung der Website auszuwerten, um Reports \u00fcber die Websiteaktivit\u00e4ten zusammenzustellen und um weitere mit der Websitenutzung und der Internetnutzung verbundene Dienstleistungen gegen\u00fcber dem Websitebetreiber zu erbringen. Die im Rahmen von Google Analytics von Ihrem Browser \u00fcbermittelte IP-Adresse wird nicht mit anderen Daten von Google zusammengef\u00fchrt.<\/p>\n<p>Sie k\u00f6nnen die Speicherung der Cookies durch eine entsprechende Einstellung Ihrer Browser-Software verhindern; wir weisen Sie jedoch darauf hin, dass Sie in diesem Fall gegebenenfalls nicht s\u00e4mtliche Funktionen dieser Website vollumf\u00e4nglich werden nutzen k\u00f6nnen. Sie k\u00f6nnen dar\u00fcber hinaus die Erfassung der durch das Cookie erzeugten und auf Ihre Nutzung der Website bezogenen Daten (inkl. Ihrer IP-Adresse) an Google sowie die Verarbeitung dieser Daten durch Google verhindern, indem sie das unter dem folgenden Link verf\u00fcgbare Browser-Plugin herunterladen und installieren: <a href=\"http:\/\/tools.google.com\/dlpage\/gaoptout?hl=de\">http:\/\/tools.google.com\/dlpage\/gaoptout?hl=de<\/a>.<\/p>\n<p><strong>Datenschutzerkl\u00e4rung f\u00fcr die Nutzung von Google Adsense<\/strong><\/p>\n<p>Diese Website benutzt Google AdSense, einen Dienst zum Einbinden<br \/>\nvon Werbeanzeigen der Google Inc. (&#8222;Google&#8220;). Google AdSense<br \/>\nverwendet sog. &#8222;Cookies&#8220;, Textdateien, die auf Ihrem Computer<br \/>\ngespeichert werden und die eine Analyse der Benutzung der Website<br \/>\nerm\u00f6glicht. Google AdSense verwendet auch so genannte Web Beacons<br \/>\n(unsichtbare Grafiken). Durch diese Web Beacons k\u00f6nnen Informationen<br \/>\nwie der Besucherverkehr auf diesen Seiten ausgewertet werden.<\/p>\n<p>Die durch Cookies und Web Beacons erzeugten Informationen \u00fcber<br \/>\ndie Benutzung dieser Website (einschlie\u00dflich Ihrer IP-Adresse) und<br \/>\nAuslieferung von Werbeformaten werden an einen Server von Google<br \/>\nin den USA \u00fcbertragen und dort gespeichert. Diese Informationen k\u00f6nnen<br \/>\nvon Google an Vertragspartner von Google weiter gegeben werden.<br \/>\nGoogle wird Ihre IP-Adresse jedoch nicht mit anderen von Ihnen<br \/>\ngespeicherten Daten zusammenf\u00fchren.<\/p>\n<p>Sie k\u00f6nnen die Installation der Cookies durch eine entsprechende<br \/>\nEinstellung Ihrer Browser Software verhindern; wir weisen Sie jedoch<br \/>\ndarauf hin, dass Sie in diesem Fall gegebenenfalls nicht s\u00e4mtliche<br \/>\nFunktionen dieser Website voll umf\u00e4nglich nutzen k\u00f6nnen. Durch die<br \/>\nNutzung dieser Website erkl\u00e4ren Sie sich mit der Bearbeitung der<br \/>\n\u00fcber Sie erhobenen Daten durch Google in der zuvor beschriebenen<br \/>\nArt und Weise und zu dem zuvor benannten Zweck einverstanden.<\/p>\n<p><i>Quelle: <a href=\"http:\/\/www.google.com\/intl\/de\/analytics\/learn\/privacy.html\" target=\"_blank\" rel=\"nofollow noopener noreferrer\">Google Analytics Bedingungen<\/a><\/i><\/p>\n<p><strong>Bildnachweise<\/strong><\/p>\n<p>Foto von Oracle&#8217;s Hauptquartier im Header: Foto von\u00a0<a href=\"http:\/\/flickr.com\/photos\/45581782@N00\" target=\"_blank\" rel=\"nofollow noopener noreferrer\">Paul Downey<\/a>\u00a0<span style=\"line-height: 1.714285714; font-size: 1rem;\">originally posted to\u00a0<\/span><b style=\"line-height: 1.714285714; font-size: 1rem;\"><a title=\"Flickr\" href=\"http:\/\/commons.wikimedia.org\/wiki\/Flickr\" target=\"_blank\" rel=\"noopener noreferrer\">Flickr<\/a><\/b><span style=\"line-height: 1.714285714; font-size: 1rem;\">\u00a0as\u00a0<\/span><a style=\"line-height: 1.714285714; font-size: 1rem;\" href=\"http:\/\/flickr.com\/photos\/45581782@N00\/21442604\" target=\"_blank\" rel=\"nofollow noopener noreferrer\">Oracle Towers<\/a>, Quelle: <a title=\"Wikimedia Commons\" href=\"http:\/\/commons.wikimedia.org\/wiki\/File:Oracle_Towers.jpg\" target=\"_blank\" rel=\"noopener noreferrer\">Wikimedia Commons<\/a><\/p>\n<p><img loading=\"lazy\" decoding=\"async\" class=\"alignnone size-full wp-image-21\" src=\"https:\/\/blog.sqlora.com\/de\/wp-content\/uploads\/sites\/3\/2013\/02\/90px-CC_some_rights_reserved.svg_.png\" alt=\"90px-CC_some_rights_reserved.svg\" width=\"90\" height=\"36\" \/><img loading=\"lazy\" decoding=\"async\" class=\"alignnone size-full wp-image-22\" style=\"font-size: 1rem; line-height: 1;\" src=\"https:\/\/blog.sqlora.com\/de\/wp-content\/uploads\/sites\/3\/2013\/02\/Cc-by_new_white.svg_.png\" alt=\"Cc-by_new_white.svg\" width=\"24\" height=\"24\" \/>\u00a0 \u00a0<a href=\"http:\/\/creativecommons.org\/licenses\/by\/2.0\/de\/deed.de\" target=\"_blank\" rel=\"noopener noreferrer\">Some rights reserved<\/a><\/p>\n<p>Andre Fotos und Bilder von <a href=\"https:\/\/pixabay.com\" target=\"_blank\" rel=\"noopener noreferrer\">pixabay<\/a><\/p>\n","protected":false},"excerpt":{"rendered":"<p>Dieser Blog ist eine pers\u00f6nliche Webseite von Andrej Pashchenko Trimpelsh\u00fctter Str. 48d 41238 M\u00f6cnhengladbach blog@sqlora.com Inhalte\u00a0 Die Inhalte dieses Blogs werden mit gr\u00f6sstm\u00f6glicher Sorgfalt erstellt. Der Betreiber \u00fcbernimmt jedoch keine Gew\u00e4hr f\u00fcr die Richtigkeit, die Vollst\u00e4ndigkeit und Aktualit\u00e4t der bereitgestellten Inhalte. Die Nutzung der abrufbaren Inhalte erfolgt auf eigene Gefahr des Nutzers. Namentlich gekennzeichnete Beitr\u00e4ge [&hellip;]<\/p>\n","protected":false},"author":1,"featured_media":0,"parent":0,"menu_order":0,"comment_status":"open","ping_status":"open","template":"","meta":{"footnotes":""},"class_list":["post-6","page","type-page","status-publish","hentry"],"_links":{"self":[{"href":"https:\/\/blog.sqlora.com\/de\/wp-json\/wp\/v2\/pages\/6","targetHints":{"allow":["GET"]}}],"collection":[{"href":"https:\/\/blog.sqlora.com\/de\/wp-json\/wp\/v2\/pages"}],"about":[{"href":"https:\/\/blog.sqlora.com\/de\/wp-json\/wp\/v2\/types\/page"}],"author":[{"embeddable":true,"href":"https:\/\/blog.sqlora.com\/de\/wp-json\/wp\/v2\/users\/1"}],"replies":[{"embeddable":true,"href":"https:\/\/blog.sqlora.com\/de\/wp-json\/wp\/v2\/comments?post=6"}],"version-history":[{"count":19,"href":"https:\/\/blog.sqlora.com\/de\/wp-json\/wp\/v2\/pages\/6\/revisions"}],"predecessor-version":[{"id":531,"href":"https:\/\/blog.sqlora.com\/de\/wp-json\/wp\/v2\/pages\/6\/revisions\/531"}],"wp:attachment":[{"href":"https:\/\/blog.sqlora.com\/de\/wp-json\/wp\/v2\/media?parent=6"}],"curies":[{"name":"wp","href":"https:\/\/api.w.org\/{rel}","templated":true}]}}